{"id":2677,"date":"2025-01-24T13:49:19","date_gmt":"2025-01-24T12:49:19","guid":{"rendered":"https:\/\/beastbearin.com\/?post_type=product&#038;p=2677"},"modified":"2025-06-10T14:40:21","modified_gmt":"2025-06-10T13:40:21","slug":"bearing-for-brose-motor-bbi-brs-9","status":"publish","type":"product","link":"https:\/\/beastbearin.com\/fr\/produit\/bearing-for-brose-motor-bbi-brs-9\/","title":{"rendered":"Roulement pour moteur Brose BBI-BRS-9"},"content":{"rendered":"<p>Roulement \u00e0 aiguilles pour moteur Brose BBI-BRS-9 n\u00b0 9 sur le sch\u00e9ma. Compatible avec les moteurs D\/S\/C mag et les s\u00e9ries S \/ T \/ TF \/ C (alu). Identique \u00e0 EM-009-BROSE et PLB20125.<\/p>\n<p>Vous pouvez \u00e9galement retrouver le kit d&#039;entretien <a href=\"https:\/\/beastbearin.com\/fr\/produit\/service-kit-for-brose-motor\/\">ici<\/a><\/p>\n<p>Qualit\u00e9 sup\u00e9rieure, roulements de haute qualit\u00e9<\/p>\n<p>Chez Beast Bear&#039;In, nous nous engageons \u00e0 proposer des roulements de haute qualit\u00e9 \u00e0 un prix comp\u00e9titif<\/p>","protected":false},"excerpt":{"rendered":"<p>Roulement \u00e0 aiguilles pour moteur Brose s\u00e9ries D\/S\/C mag et S\/T\/TF\/C (alu) Identique \u00e0 EM-009-BROSE et PLB20125<\/p>","protected":false},"featured_media":2698,"comment_status":"open","ping_status":"closed","template":"","meta":[],"etheme_brands":[],"product_brand":[],"product_cat":[44],"product_tag":[],"class_list":{"0":"post-2677","1":"product","2":"type-product","3":"status-publish","4":"has-post-thumbnail","6":"product_cat-brose","8":"first","9":"instock","10":"taxable","11":"shipping-taxable","12":"purchasable","13":"product-type-simple"},"aioseo_notices":[],"_links":{"self":[{"href":"https:\/\/beastbearin.com\/fr\/wp-json\/wp\/v2\/product\/2677","targetHints":{"allow":["GET"]}}],"collection":[{"href":"https:\/\/beastbearin.com\/fr\/wp-json\/wp\/v2\/product"}],"about":[{"href":"https:\/\/beastbearin.com\/fr\/wp-json\/wp\/v2\/types\/product"}],"replies":[{"embeddable":true,"href":"https:\/\/beastbearin.com\/fr\/wp-json\/wp\/v2\/comments?post=2677"}],"wp:featuredmedia":[{"embeddable":true,"href":"https:\/\/beastbearin.com\/fr\/wp-json\/wp\/v2\/media\/2698"}],"wp:attachment":[{"href":"https:\/\/beastbearin.com\/fr\/wp-json\/wp\/v2\/media?parent=2677"}],"wp:term":[{"taxonomy":"brand","embeddable":true,"href":"https:\/\/beastbearin.com\/fr\/wp-json\/wp\/v2\/etheme_brands?post=2677"},{"taxonomy":"product_brand","embeddable":true,"href":"https:\/\/beastbearin.com\/fr\/wp-json\/wp\/v2\/product_brand?post=2677"},{"taxonomy":"product_cat","embeddable":true,"href":"https:\/\/beastbearin.com\/fr\/wp-json\/wp\/v2\/product_cat?post=2677"},{"taxonomy":"product_tag","embeddable":true,"href":"https:\/\/beastbearin.com\/fr\/wp-json\/wp\/v2\/product_tag?post=2677"}],"curies":[{"name":"wp","href":"https:\/\/api.w.org\/{rel}","templated":true}]}}