{"id":2737,"date":"2025-02-05T09:59:19","date_gmt":"2025-02-05T08:59:19","guid":{"rendered":"https:\/\/beastbearin.com\/?post_type=product&#038;p=2737"},"modified":"2025-04-22T18:06:18","modified_gmt":"2025-04-22T17:06:18","slug":"service-kit-bosch-gen2-motors","status":"publish","type":"product","link":"https:\/\/beastbearin.com\/fr\/produit\/service-kit-bosch-gen2-motors\/","title":{"rendered":"Kit d&#039;entretien pour moteurs Bosch Gen2"},"content":{"rendered":"<p>Kit d&#039;entretien Beastbearin Bosch gen2<\/p>\n<p>Attention : convient uniquement aux moteurs Bosch de 2e g\u00e9n\u00e9ration fabriqu\u00e9s entre 2014 et 2019 (BDU2xx).<\/p>\n<p>Compatibilit\u00e9s moteur :<br \/>\nActive Line<br \/>\nPerformance Line<br \/>\nPerformance Line Speed<br \/>\nPerformance Line CX<\/p>\n<p>Qualit\u00e9 sup\u00e9rieure, roulements de haute qualit\u00e9<\/p>\n<p>Comprend :<\/p>\n<p>\u2013 <a href=\"https:\/\/beastbearin.com\/fr\/produit\/bearing-bosch-motor-gen2-bbi-bsh-g2-1\/\">BBI-BSH-G2-1<\/a>: roue libre \u00e0 aiguille<br \/>\n\u2013 <a href=\"https:\/\/beastbearin.com\/fr\/produit\/bearing-bosch-motor-gen2-bbi-bsh-g2-2\/\">BBI-BSH-G2-2<\/a>: roulement \u00e0 aiguilles<br \/>\n\u2013 <a href=\"https:\/\/beastbearin.com\/fr\/produit\/bearing-bosch-motor-gen2-bbi-bsh-g2-3\/\">BBI-BSH-G2-3<\/a>: roulement<br \/>\n\u2013 <a href=\"https:\/\/beastbearin.com\/fr\/produit\/bearing-bosch-motor-gen2-bbi-bsh-g2-4\/\">BBI-BSH-G2-4<\/a>: roulement<br \/>\n\u2013 <a href=\"https:\/\/beastbearin.com\/fr\/produit\/bearing-bosch-motor-gen2-bbi-bsh-g2-5\/\">BBI-BSH-G2-5<\/a>: roulement<br \/>\n\u2013 <a href=\"https:\/\/beastbearin.com\/fr\/produit\/bearing-bosch-motor-gen2-bbi-bsh-g2-6\/\">BBI-BSH-G2-6<\/a>: roulement<br \/>\n\u2013 <a href=\"https:\/\/beastbearin.com\/fr\/produit\/bearing-bosch-motor-gen2-bbi-bsh-g2-7\/\">BBI-BSH-G2-7<\/a>: roulement<br \/>\n\u2013 <a href=\"https:\/\/beastbearin.com\/fr\/produit\/bearing-bosch-motor-gen2-bbi-bsh-g2-8\/\">BBI-BSH-G2-8<\/a>: roulement<br \/>\n\u2013 <a href=\"https:\/\/beastbearin.com\/fr\/produit\/bearing-bosch-motor-gen2-bbi-bsh-g2-9\/\">BBI-BSH-G2-9<\/a>: roue libre \u00e0 aiguille<br \/>\n\u2013 <a href=\"https:\/\/beastbearin.com\/fr\/produit\/bearing-bosch-motor-gen2-bbi-bsh-g2-10\/\">BBI-BSH-G2-10<\/a>: roulement \u00e0 aiguilles<br \/>\n\u2013 <a href=\"https:\/\/beastbearin.com\/fr\/produit\/bosch-oring-kit-gen2-bbi-bsh-g2-or\/\">BBI-BSH-G2-11<\/a>: joint torique<br \/>\n\u2013 <a href=\"https:\/\/beastbearin.com\/fr\/produit\/bosch-oring-kit-gen2-bbi-bsh-g2-or\/\">BBI-BSH-G2-12<\/a>: joint torique x2<\/p>","protected":false},"excerpt":{"rendered":"<p>Kit d&#039;entretien pour moteurs Bosch Gen2<\/p>","protected":false},"featured_media":2739,"comment_status":"open","ping_status":"closed","template":"","meta":[],"etheme_brands":[],"product_brand":[],"product_cat":[45,48],"product_tag":[],"class_list":{"0":"post-2737","1":"product","2":"type-product","3":"status-publish","4":"has-post-thumbnail","6":"product_cat-bosch","7":"product_cat-gen-2","8":"product_shipping_class-kit","10":"first","11":"instock","12":"taxable","13":"shipping-taxable","14":"purchasable","15":"product-type-simple"},"aioseo_notices":[],"_links":{"self":[{"href":"https:\/\/beastbearin.com\/fr\/wp-json\/wp\/v2\/product\/2737","targetHints":{"allow":["GET"]}}],"collection":[{"href":"https:\/\/beastbearin.com\/fr\/wp-json\/wp\/v2\/product"}],"about":[{"href":"https:\/\/beastbearin.com\/fr\/wp-json\/wp\/v2\/types\/product"}],"replies":[{"embeddable":true,"href":"https:\/\/beastbearin.com\/fr\/wp-json\/wp\/v2\/comments?post=2737"}],"wp:featuredmedia":[{"embeddable":true,"href":"https:\/\/beastbearin.com\/fr\/wp-json\/wp\/v2\/media\/2739"}],"wp:attachment":[{"href":"https:\/\/beastbearin.com\/fr\/wp-json\/wp\/v2\/media?parent=2737"}],"wp:term":[{"taxonomy":"brand","embeddable":true,"href":"https:\/\/beastbearin.com\/fr\/wp-json\/wp\/v2\/etheme_brands?post=2737"},{"taxonomy":"product_brand","embeddable":true,"href":"https:\/\/beastbearin.com\/fr\/wp-json\/wp\/v2\/product_brand?post=2737"},{"taxonomy":"product_cat","embeddable":true,"href":"https:\/\/beastbearin.com\/fr\/wp-json\/wp\/v2\/product_cat?post=2737"},{"taxonomy":"product_tag","embeddable":true,"href":"https:\/\/beastbearin.com\/fr\/wp-json\/wp\/v2\/product_tag?post=2737"}],"curies":[{"name":"wp","href":"https:\/\/api.w.org\/{rel}","templated":true}]}}