{"id":2761,"date":"2025-02-05T10:22:23","date_gmt":"2025-02-05T09:22:23","guid":{"rendered":"https:\/\/beastbearin.com\/?post_type=product&#038;p=2761"},"modified":"2025-04-20T18:05:24","modified_gmt":"2025-04-20T17:05:24","slug":"service-kit-bosch-gen4-motors","status":"publish","type":"product","link":"https:\/\/beastbearin.com\/fr\/produit\/service-kit-bosch-gen4-motors\/","title":{"rendered":"Kit d&#039;entretien pour moteurs Bosch Gen4"},"content":{"rendered":"<div class=\"wpb-content-wrapper\"><div class=\"vc_row wpb_row vc_row-fluid et_custom_uniqid_69e17cf2a71f7 mpc-row\"><div class=\"wpb_column vc_column_container vc_col-sm-12 et_custom_uniqid_69e17cf2a71cd mpc-column\" data-column-id=\"mpc_column-1169e17cf910039\"><div class=\"vc_column-inner\"><div class=\"wpb_wrapper\">\n\t<div class=\"wpb_text_column wpb_content_element\">\n\t\t<div class=\"wpb_wrapper\">\n\t\t\t<p> Kit d&#039;entretien Beastbearin Bosch gen4<\/p>\n<p>Attention : convient uniquement aux moteurs Bosch de 4e g\u00e9n\u00e9ration.<\/p>\n<p>Compatibilit\u00e9 moteur :<br>\nPerformance Line CX<br>\nCargo<br>\nSpeed \u200b\u200bMotors<\/p>\n<p>Qualit\u00e9 sup\u00e9rieure, roulements de haute qualit\u00e9<\/p>\n<p>Comprend :<\/p>\n<p>\u2013 <a href=\"https:\/\/beastbearin.com\/fr\/produit\/bearing-bosch-motor-gen4-bbi-bsh-g4-1\/\">BBI-BSH-G4-1<\/a>:roulement de roue libre<br>\n\u2013 <a href=\"https:\/\/beastbearin.com\/fr\/produit\/bearing-bosch-motor-gen4-bbi-bsh-g4-2\/\">BBI-BSH-G4-2<\/a>: roulement<br>\n\u2013 <a href=\"https:\/\/beastbearin.com\/fr\/produit\/bearing-bosch-motor-gen4-bbi-bsh-g4-3\/\">BBI-BSH-G4-3<\/a>: roulement<br>\n\u2013 <a href=\"https:\/\/beastbearin.com\/fr\/produit\/bosch-bearing-kit-gen4\/\">BBI-BSH-G4-4<\/a>: roulement x2<br>\n\u2013 B<a href=\"https:\/\/beastbearin.com\/fr\/produit\/bosch-bearing-kit-gen4\/\">BI-BSH-G4-5<\/a>: roulement<br>\n\u2013 B<a href=\"https:\/\/beastbearin.com\/fr\/produit\/bosch-bearing-kit-gen4\/\">BI-BSH-G4-6<\/a>: roulement<br>\n\u2013 <a href=\"https:\/\/beastbearin.com\/fr\/produit\/bosch-needle-bearing-gen4-kit\/\">BBI-BSH-G4-7<\/a>: roulement \u00e0 aiguilles<br>\n\u2013 <a href=\"https:\/\/beastbearin.com\/fr\/produit\/bosch-needle-bearing-gen4-kit\/\">BBI-BSH-G4-8<\/a>: roulement \u00e0 aiguilles<br>\n\u2013 <a href=\"https:\/\/beastbearin.com\/fr\/produit\/bosch-oring-kit-gen4\/\">BBI-BSH-G4-9<\/a>: joint torique<br>\n\u2013 <a href=\"https:\/\/beastbearin.com\/fr\/produit\/bosch-oring-kit-gen4\/\">BBI-BSH-G4-10<\/a>: joint torique<br>\n\u2013 <a href=\"https:\/\/beastbearin.com\/fr\/produit\/bosch-oring-kit-gen4\/\">BBI-BSH-G4-11<\/a>: joint torique<br>\n\u2013 <a href=\"https:\/\/beastbearin.com\/fr\/produit\/bosch-oring-kit-gen4\/\">BBI-BSH-G4-12<\/a>: joint torique<\/p>\n\n\t\t<\/div>\n\t<\/div>\n<\/div><\/div><\/div><\/div>\n<p>Chez Beast Bear&#039;In, nous nous engageons \u00e0 proposer des roulements de haute qualit\u00e9 \u00e0 un prix comp\u00e9titif<\/p>\n<\/div>","protected":false},"excerpt":{"rendered":"<p>Kit d&#039;entretien pour moteurs Bosch Gen4<\/p>","protected":false},"featured_media":2763,"comment_status":"open","ping_status":"closed","template":"","meta":[],"etheme_brands":[],"product_brand":[],"product_cat":[45,50],"product_tag":[],"class_list":{"0":"post-2761","1":"product","2":"type-product","3":"status-publish","4":"has-post-thumbnail","6":"product_cat-bosch","7":"product_cat-gen4","8":"product_shipping_class-kit","10":"first","11":"instock","12":"taxable","13":"shipping-taxable","14":"purchasable","15":"product-type-simple"},"aioseo_notices":[],"_links":{"self":[{"href":"https:\/\/beastbearin.com\/fr\/wp-json\/wp\/v2\/product\/2761","targetHints":{"allow":["GET"]}}],"collection":[{"href":"https:\/\/beastbearin.com\/fr\/wp-json\/wp\/v2\/product"}],"about":[{"href":"https:\/\/beastbearin.com\/fr\/wp-json\/wp\/v2\/types\/product"}],"replies":[{"embeddable":true,"href":"https:\/\/beastbearin.com\/fr\/wp-json\/wp\/v2\/comments?post=2761"}],"wp:featuredmedia":[{"embeddable":true,"href":"https:\/\/beastbearin.com\/fr\/wp-json\/wp\/v2\/media\/2763"}],"wp:attachment":[{"href":"https:\/\/beastbearin.com\/fr\/wp-json\/wp\/v2\/media?parent=2761"}],"wp:term":[{"taxonomy":"brand","embeddable":true,"href":"https:\/\/beastbearin.com\/fr\/wp-json\/wp\/v2\/etheme_brands?post=2761"},{"taxonomy":"product_brand","embeddable":true,"href":"https:\/\/beastbearin.com\/fr\/wp-json\/wp\/v2\/product_brand?post=2761"},{"taxonomy":"product_cat","embeddable":true,"href":"https:\/\/beastbearin.com\/fr\/wp-json\/wp\/v2\/product_cat?post=2761"},{"taxonomy":"product_tag","embeddable":true,"href":"https:\/\/beastbearin.com\/fr\/wp-json\/wp\/v2\/product_tag?post=2761"}],"curies":[{"name":"wp","href":"https:\/\/api.w.org\/{rel}","templated":true}]}}