{"id":2820,"date":"2025-02-06T17:09:32","date_gmt":"2025-02-06T16:09:32","guid":{"rendered":"https:\/\/beastbearin.com\/?post_type=product&#038;p=2820"},"modified":"2025-04-20T17:43:26","modified_gmt":"2025-04-20T16:43:26","slug":"bearing-bosch-motor-gen2-bbi-bsh-g2-2","status":"publish","type":"product","link":"https:\/\/beastbearin.com\/fr\/produit\/bearing-bosch-motor-gen2-bbi-bsh-g2-2\/","title":{"rendered":"Roulement Bosch Moteur gen2 BBI-BSH-G2-2"},"content":{"rendered":"<p>Roulement moteur Bosch gen2 BBI-BSH-G2-2. Roulement \u00e0 aiguilles pour moteur Bosh gen 2, n\u00b012 sur le sch\u00e9ma.<\/p>\n<p>Attention : convient uniquement aux moteurs Bosch de 2e g\u00e9n\u00e9ration fabriqu\u00e9s entre 2014 et 2019 (BDU2xx).<\/p>\n<p>Compatibilit\u00e9s moteur :<br \/>\nActive Line<br \/>\nPerformance Line<br \/>\nPerformance Line Speed<br \/>\nPerformance Line CX<\/p>\n<p>Vous pouvez \u00e9galement retrouver le kit d&#039;entretien <a href=\"https:\/\/beastbearin.com\/fr\/produit\/service-kit-for-bosch-motor-gen2\/\">ici<\/a><\/p>\n<p>Qualit\u00e9 sup\u00e9rieure, roulements de haute qualit\u00e9<\/p>\n<p>Chez Beast Bear&#039;In, nous nous engageons \u00e0 proposer des roulements de haute qualit\u00e9 \u00e0 un prix comp\u00e9titif<\/p>","protected":false},"excerpt":{"rendered":"<p>Roulement \u00e0 aiguilles Bosch Motor gen2 BBI-BSH-G2-1<\/p>","protected":false},"featured_media":2741,"comment_status":"open","ping_status":"closed","template":"","meta":[],"etheme_brands":[],"product_brand":[],"product_cat":[45,48],"product_tag":[],"class_list":{"0":"post-2820","1":"product","2":"type-product","3":"status-publish","4":"has-post-thumbnail","6":"product_cat-bosch","7":"product_cat-gen-2","9":"first","10":"instock","11":"taxable","12":"shipping-taxable","13":"purchasable","14":"product-type-simple"},"aioseo_notices":[],"_links":{"self":[{"href":"https:\/\/beastbearin.com\/fr\/wp-json\/wp\/v2\/product\/2820","targetHints":{"allow":["GET"]}}],"collection":[{"href":"https:\/\/beastbearin.com\/fr\/wp-json\/wp\/v2\/product"}],"about":[{"href":"https:\/\/beastbearin.com\/fr\/wp-json\/wp\/v2\/types\/product"}],"replies":[{"embeddable":true,"href":"https:\/\/beastbearin.com\/fr\/wp-json\/wp\/v2\/comments?post=2820"}],"wp:featuredmedia":[{"embeddable":true,"href":"https:\/\/beastbearin.com\/fr\/wp-json\/wp\/v2\/media\/2741"}],"wp:attachment":[{"href":"https:\/\/beastbearin.com\/fr\/wp-json\/wp\/v2\/media?parent=2820"}],"wp:term":[{"taxonomy":"brand","embeddable":true,"href":"https:\/\/beastbearin.com\/fr\/wp-json\/wp\/v2\/etheme_brands?post=2820"},{"taxonomy":"product_brand","embeddable":true,"href":"https:\/\/beastbearin.com\/fr\/wp-json\/wp\/v2\/product_brand?post=2820"},{"taxonomy":"product_cat","embeddable":true,"href":"https:\/\/beastbearin.com\/fr\/wp-json\/wp\/v2\/product_cat?post=2820"},{"taxonomy":"product_tag","embeddable":true,"href":"https:\/\/beastbearin.com\/fr\/wp-json\/wp\/v2\/product_tag?post=2820"}],"curies":[{"name":"wp","href":"https:\/\/api.w.org\/{rel}","templated":true}]}}