{"id":2847,"date":"2025-02-09T14:27:50","date_gmt":"2025-02-09T13:27:50","guid":{"rendered":"https:\/\/beastbearin.com\/?post_type=product&#038;p=2847"},"modified":"2025-04-20T18:00:26","modified_gmt":"2025-04-20T17:00:26","slug":"bosch-oring-kit-gen3-bbi-bsh-g3-or","status":"publish","type":"product","link":"https:\/\/beastbearin.com\/fr\/produit\/bosch-oring-kit-gen3-bbi-bsh-g3-or\/","title":{"rendered":"Kit de joints toriques Bosch gen3 BBI-BSH-G3-OR"},"content":{"rendered":"<p>Le kit de joints toriques Bosch Beastbearin gen3 comprend :<br \/>\n\u2013 BBI-BSH-G3-6<br \/>\n\u2013 BBI-BSH-G3-7<\/p>\n<p>Attention : convient uniquement aux moteurs Bosch de 3e g\u00e9n\u00e9ration R\u00e9f. : BDU3xx<\/p>\n<p>Compatibilit\u00e9s moteur :<br \/>\nPerformance Line Gen 3 (+ 2020)<br \/>\nActive Line Gen 3 (+ 2018)<br \/>\nActive Line + Gen3 (+ 2018)<\/p>\n<p>Qualit\u00e9 sup\u00e9rieure, roulements de haute qualit\u00e9<\/p>\n<p>Chez Beast Bear&#039;In, nous nous engageons \u00e0 proposer des roulements de haute qualit\u00e9 \u00e0 un prix comp\u00e9titif<\/p>","protected":false},"excerpt":{"rendered":"<p>Kit de joints toriques Bosch pour moteur gen3<\/p>","protected":false},"featured_media":2930,"comment_status":"open","ping_status":"closed","template":"","meta":[],"etheme_brands":[],"product_brand":[],"product_cat":[45,49],"product_tag":[],"class_list":{"0":"post-2847","1":"product","2":"type-product","3":"status-publish","4":"has-post-thumbnail","6":"product_cat-bosch","7":"product_cat-gen3","9":"first","10":"instock","11":"taxable","12":"shipping-taxable","13":"purchasable","14":"product-type-simple"},"aioseo_notices":[],"_links":{"self":[{"href":"https:\/\/beastbearin.com\/fr\/wp-json\/wp\/v2\/product\/2847","targetHints":{"allow":["GET"]}}],"collection":[{"href":"https:\/\/beastbearin.com\/fr\/wp-json\/wp\/v2\/product"}],"about":[{"href":"https:\/\/beastbearin.com\/fr\/wp-json\/wp\/v2\/types\/product"}],"replies":[{"embeddable":true,"href":"https:\/\/beastbearin.com\/fr\/wp-json\/wp\/v2\/comments?post=2847"}],"wp:featuredmedia":[{"embeddable":true,"href":"https:\/\/beastbearin.com\/fr\/wp-json\/wp\/v2\/media\/2930"}],"wp:attachment":[{"href":"https:\/\/beastbearin.com\/fr\/wp-json\/wp\/v2\/media?parent=2847"}],"wp:term":[{"taxonomy":"brand","embeddable":true,"href":"https:\/\/beastbearin.com\/fr\/wp-json\/wp\/v2\/etheme_brands?post=2847"},{"taxonomy":"product_brand","embeddable":true,"href":"https:\/\/beastbearin.com\/fr\/wp-json\/wp\/v2\/product_brand?post=2847"},{"taxonomy":"product_cat","embeddable":true,"href":"https:\/\/beastbearin.com\/fr\/wp-json\/wp\/v2\/product_cat?post=2847"},{"taxonomy":"product_tag","embeddable":true,"href":"https:\/\/beastbearin.com\/fr\/wp-json\/wp\/v2\/product_tag?post=2847"}],"curies":[{"name":"wp","href":"https:\/\/api.w.org\/{rel}","templated":true}]}}