{"id":2859,"date":"2025-02-09T15:29:05","date_gmt":"2025-02-09T14:29:05","guid":{"rendered":"https:\/\/beastbearin.com\/?post_type=product&#038;p=2859"},"modified":"2025-04-20T18:07:21","modified_gmt":"2025-04-20T17:07:21","slug":"bosch-bearing-kit-gen4","status":"publish","type":"product","link":"https:\/\/beastbearin.com\/fr\/produit\/bosch-bearing-kit-gen4\/","title":{"rendered":"Kit de roulements Bosch gen4"},"content":{"rendered":"<p>Kit de roulements Bosch gen4, n\u00b06, 7, 8 et 13 sur le sch\u00e9ma.<\/p>\n<p>Inclus:<br \/>\n\u2013 BBI-BSH-G4-4 x2<br \/>\n\u2013 BBI-BSH-G4-5<br \/>\n\u2013 BBI-BSH-G4-6<\/p>\n<p>Attention : convient uniquement aux moteurs Bosch de 4e g\u00e9n\u00e9ration.<\/p>\n<p>Compatibilit\u00e9 moteur :<br \/>\nPerformance Line CX<br \/>\nCargo<br \/>\nSpeed \u200b\u200bMotors<\/p>\n<p>Vous pouvez \u00e9galement retrouver le kit d&#039;entretien <a href=\"https:\/\/beastbearin.com\/fr\/produit\/service-kit-bosch-gen4-motors\/\">ici<\/a><\/p>\n<p>Qualit\u00e9 sup\u00e9rieure, roulements de haute qualit\u00e9<\/p>\n<p>Chez Beast Bear&#039;In, nous nous engageons \u00e0 proposer des roulements de haute qualit\u00e9 \u00e0 un prix comp\u00e9titif<\/p>","protected":false},"excerpt":{"rendered":"<p>Kit de roulements Bosch gen4 BBI-BSH-G4-BEA<\/p>","protected":false},"featured_media":3129,"comment_status":"open","ping_status":"closed","template":"","meta":[],"etheme_brands":[],"product_brand":[],"product_cat":[45,50],"product_tag":[],"class_list":{"0":"post-2859","1":"product","2":"type-product","3":"status-publish","4":"has-post-thumbnail","6":"product_cat-bosch","7":"product_cat-gen4","9":"first","10":"instock","11":"taxable","12":"shipping-taxable","13":"purchasable","14":"product-type-simple"},"aioseo_notices":[],"_links":{"self":[{"href":"https:\/\/beastbearin.com\/fr\/wp-json\/wp\/v2\/product\/2859","targetHints":{"allow":["GET"]}}],"collection":[{"href":"https:\/\/beastbearin.com\/fr\/wp-json\/wp\/v2\/product"}],"about":[{"href":"https:\/\/beastbearin.com\/fr\/wp-json\/wp\/v2\/types\/product"}],"replies":[{"embeddable":true,"href":"https:\/\/beastbearin.com\/fr\/wp-json\/wp\/v2\/comments?post=2859"}],"wp:featuredmedia":[{"embeddable":true,"href":"https:\/\/beastbearin.com\/fr\/wp-json\/wp\/v2\/media\/3129"}],"wp:attachment":[{"href":"https:\/\/beastbearin.com\/fr\/wp-json\/wp\/v2\/media?parent=2859"}],"wp:term":[{"taxonomy":"brand","embeddable":true,"href":"https:\/\/beastbearin.com\/fr\/wp-json\/wp\/v2\/etheme_brands?post=2859"},{"taxonomy":"product_brand","embeddable":true,"href":"https:\/\/beastbearin.com\/fr\/wp-json\/wp\/v2\/product_brand?post=2859"},{"taxonomy":"product_cat","embeddable":true,"href":"https:\/\/beastbearin.com\/fr\/wp-json\/wp\/v2\/product_cat?post=2859"},{"taxonomy":"product_tag","embeddable":true,"href":"https:\/\/beastbearin.com\/fr\/wp-json\/wp\/v2\/product_tag?post=2859"}],"curies":[{"name":"wp","href":"https:\/\/api.w.org\/{rel}","templated":true}]}}