{"id":2867,"date":"2025-02-09T15:50:00","date_gmt":"2025-02-09T14:50:00","guid":{"rendered":"https:\/\/beastbearin.com\/?post_type=product&#038;p=2867"},"modified":"2025-04-20T18:09:55","modified_gmt":"2025-04-20T17:09:55","slug":"bosch-oring-kit-gen4","status":"publish","type":"product","link":"https:\/\/beastbearin.com\/fr\/produit\/bosch-oring-kit-gen4\/","title":{"rendered":"Kit de joints toriques Bosch gen4"},"content":{"rendered":"<p>Kit Oring Bosch Beastbearin gen4, n\u00b09, 10, 11 et 12 sur le sch\u00e9ma.<\/p>\n<p>Inclus:<br \/>\n\u2013 BBI-BSH-G4-9<br \/>\n\u2013 BBI-BSH-G4-10<br \/>\n\u2013 BBI-BSH-G4-11<br \/>\n\u2013 BBI-BSH-G4-12<\/p>\n<p>Attention : convient uniquement aux moteurs Bosch de 4e g\u00e9n\u00e9ration.<\/p>\n<p>Compatibilit\u00e9 moteur :<br \/>\nPerformance Line CX<br \/>\nCargo<br \/>\nSpeed \u200b\u200bMotors<\/p>\n<p>Vous pouvez \u00e9galement retrouver le kit d&#039;entretien <a href=\"https:\/\/beastbearin.com\/fr\/produit\/service-kit-bosch-gen4-motors\/\">ici<\/a><\/p>\n<p>Qualit\u00e9 sup\u00e9rieure, roulements de haute qualit\u00e9<\/p>\n<p>Chez Beast Bear&#039;In, nous nous engageons \u00e0 proposer des roulements de haute qualit\u00e9 \u00e0 un prix comp\u00e9titif<\/p>","protected":false},"excerpt":{"rendered":"<p>Kit de joints toriques Bosch gen4 BBI-BSH-G4-OR<\/p>","protected":false},"featured_media":2931,"comment_status":"open","ping_status":"closed","template":"","meta":[],"etheme_brands":[],"product_brand":[],"product_cat":[45,50],"product_tag":[],"class_list":{"0":"post-2867","1":"product","2":"type-product","3":"status-publish","4":"has-post-thumbnail","6":"product_cat-bosch","7":"product_cat-gen4","9":"first","10":"instock","11":"taxable","12":"shipping-taxable","13":"purchasable","14":"product-type-simple"},"aioseo_notices":[],"_links":{"self":[{"href":"https:\/\/beastbearin.com\/fr\/wp-json\/wp\/v2\/product\/2867","targetHints":{"allow":["GET"]}}],"collection":[{"href":"https:\/\/beastbearin.com\/fr\/wp-json\/wp\/v2\/product"}],"about":[{"href":"https:\/\/beastbearin.com\/fr\/wp-json\/wp\/v2\/types\/product"}],"replies":[{"embeddable":true,"href":"https:\/\/beastbearin.com\/fr\/wp-json\/wp\/v2\/comments?post=2867"}],"wp:featuredmedia":[{"embeddable":true,"href":"https:\/\/beastbearin.com\/fr\/wp-json\/wp\/v2\/media\/2931"}],"wp:attachment":[{"href":"https:\/\/beastbearin.com\/fr\/wp-json\/wp\/v2\/media?parent=2867"}],"wp:term":[{"taxonomy":"brand","embeddable":true,"href":"https:\/\/beastbearin.com\/fr\/wp-json\/wp\/v2\/etheme_brands?post=2867"},{"taxonomy":"product_brand","embeddable":true,"href":"https:\/\/beastbearin.com\/fr\/wp-json\/wp\/v2\/product_brand?post=2867"},{"taxonomy":"product_cat","embeddable":true,"href":"https:\/\/beastbearin.com\/fr\/wp-json\/wp\/v2\/product_cat?post=2867"},{"taxonomy":"product_tag","embeddable":true,"href":"https:\/\/beastbearin.com\/fr\/wp-json\/wp\/v2\/product_tag?post=2867"}],"curies":[{"name":"wp","href":"https:\/\/api.w.org\/{rel}","templated":true}]}}