{"id":3010,"date":"2025-02-26T12:29:36","date_gmt":"2025-02-26T11:29:36","guid":{"rendered":"https:\/\/beastbearin.com\/?post_type=product&#038;p=3010"},"modified":"2025-04-20T18:24:08","modified_gmt":"2025-04-20T17:24:08","slug":"bearing-yamaha-pw-bbi-ymh-2","status":"publish","type":"product","link":"https:\/\/beastbearin.com\/fr\/produit\/bearing-yamaha-pw-bbi-ymh-2\/","title":{"rendered":"Roulement Yamaha PW BBI-YMH-2"},"content":{"rendered":"<p>Roulement Beast Bear&#039;In Yamaha PW BBI-YMH-2, joint en caoutchouc avec rainure pour joint torique (plus petit)<\/p>\n<p>Compatibilit\u00e9 moteur\u00a0: PW, PW-SE, PW-ST, PW-TE \u2013 PW-CE \/ Syncdrive<\/p>\n<p>Vous pouvez \u00e9galement trouver le kit de service <a href=\"https:\/\/beastbearin.com\/fr\/produit\/service-kit-yamaha-pw\/\">ici<\/a><\/p>\n<p>Qualit\u00e9 sup\u00e9rieure, roulements de haute qualit\u00e9<\/p>\n<p>Chez Beast Bear&#039;In, nous nous engageons \u00e0 proposer des roulements de haute qualit\u00e9 \u00e0 un prix comp\u00e9titif<\/p>","protected":false},"excerpt":{"rendered":"<p>Roulement Yamaha PW BBI-YMH-2, joint en caoutchouc avec rainure pour joint torique (plus petit)<\/p>","protected":false},"featured_media":2987,"comment_status":"open","ping_status":"closed","template":"","meta":[],"etheme_brands":[],"product_brand":[],"product_cat":[46],"product_tag":[],"class_list":{"0":"post-3010","1":"product","2":"type-product","3":"status-publish","4":"has-post-thumbnail","6":"product_cat-yamaha","8":"first","9":"instock","10":"taxable","11":"shipping-taxable","12":"purchasable","13":"product-type-simple"},"aioseo_notices":[],"_links":{"self":[{"href":"https:\/\/beastbearin.com\/fr\/wp-json\/wp\/v2\/product\/3010","targetHints":{"allow":["GET"]}}],"collection":[{"href":"https:\/\/beastbearin.com\/fr\/wp-json\/wp\/v2\/product"}],"about":[{"href":"https:\/\/beastbearin.com\/fr\/wp-json\/wp\/v2\/types\/product"}],"replies":[{"embeddable":true,"href":"https:\/\/beastbearin.com\/fr\/wp-json\/wp\/v2\/comments?post=3010"}],"wp:featuredmedia":[{"embeddable":true,"href":"https:\/\/beastbearin.com\/fr\/wp-json\/wp\/v2\/media\/2987"}],"wp:attachment":[{"href":"https:\/\/beastbearin.com\/fr\/wp-json\/wp\/v2\/media?parent=3010"}],"wp:term":[{"taxonomy":"brand","embeddable":true,"href":"https:\/\/beastbearin.com\/fr\/wp-json\/wp\/v2\/etheme_brands?post=3010"},{"taxonomy":"product_brand","embeddable":true,"href":"https:\/\/beastbearin.com\/fr\/wp-json\/wp\/v2\/product_brand?post=3010"},{"taxonomy":"product_cat","embeddable":true,"href":"https:\/\/beastbearin.com\/fr\/wp-json\/wp\/v2\/product_cat?post=3010"},{"taxonomy":"product_tag","embeddable":true,"href":"https:\/\/beastbearin.com\/fr\/wp-json\/wp\/v2\/product_tag?post=3010"}],"curies":[{"name":"wp","href":"https:\/\/api.w.org\/{rel}","templated":true}]}}